{"id":138,"date":"2020-10-25T20:03:39","date_gmt":"2020-10-25T17:03:39","guid":{"rendered":"https:\/\/jorest.pro\/?page_id=138"},"modified":"2020-11-14T23:00:20","modified_gmt":"2020-11-14T20:00:20","slug":"yritys","status":"publish","type":"page","link":"https:\/\/jorest.pro\/?page_id=138","title":{"rendered":"Yritys"},"content":{"rendered":"\n<div class=\"wp-block-cover alignfull has-background-dim-30 has-background-dim is-position-center-center\" style=\"background-image:url(https:\/\/jorest.pro\/wp-content\/uploads\/2020\/10\/333414fd-11c9-4b82-9c56-5b07b2bc0af5.jpg);background-position:43% 47%;min-height:500px;aspect-ratio:unset;\"><div class=\"wp-block-cover__inner-container is-layout-flow wp-block-cover-is-layout-flow\">\n<h1 class=\"has-text-align-center wp-block-heading\"><strong>Rakennusty\u00f6t yrityksille ja yksityishenkil\u00f6ille<\/strong><\/h1>\n<\/div><\/div>\n\n\n\n<p>Jorest Oy on porilaistaustainen rakennusalan yritys. Omaamme pitk\u00e4aikaisen kokemuksen alalta.<\/p>\n\n\n\n<p>Toimimme valtakunnallisesti ja t\u00e4ll\u00e4kin hetkell\u00e4 meill\u00e4 on asiakkaita p\u00e4\u00e4kaupunkiseudulta aina Ouluun asti.<\/p>\n\n\n\n<p>Toteutamme laaja-alaisesti saneerauksia yritys- ja yksityisasiakkaille. Meilt\u00e4 onnistuvat niin ravintola-alan rakennusty\u00f6t, kuin kylm\u00e4tilat. Teemme my\u00f6s teollisuuden kunnossapidon t\u00f6it\u00e4.<\/p>\n\n\n\n<p>Ty\u00f6ss\u00e4mme meille t\u00e4rke\u00e4\u00e4 on asiakastyytyv\u00e4isyys. T\u00e4h\u00e4n panostaminen on mahdollistanut meille pitk\u00e4aikaiset kumppanuudet asiakkaittemme kanssa. Teemme ty\u00f6mme laadukkaasti alusta loppuun.<\/p>\n\n\n\n<p><a href=\"https:\/\/jorest.pro\/?page_id=27\" data-type=\"page\" data-id=\"27\"><span class=\"has-inline-color has-accent-color\">Ota yhteytt\u00e4<\/span><\/a>, niin kartoitetaan yhdess\u00e4 teid\u00e4n tarpeenne ja etsit\u00e4\u00e4n niihin paras ratkaisu!<\/p>\n","protected":false},"excerpt":{"rendered":"<p>Jorest Oy on porilaistaustainen rakennusalan yritys. Omaamme pitk\u00e4aikaisen kokemuksen alalta. Toimimme valtakunnallisesti ja t\u00e4ll\u00e4kin hetkell\u00e4 meill\u00e4 on asiakkaita p\u00e4\u00e4kaupunkiseudulta aina Ouluun asti. Toteutamme laaja-alaisesti saneerauksia yritys- ja yksityisasiakkaille. Meilt\u00e4 onnistuvat niin ravintola-alan rakennusty\u00f6t, kuin kylm\u00e4tilat. Teemme my\u00f6s teollisuuden kunnossapidon t\u00f6it\u00e4. Ty\u00f6ss\u00e4mme meille t\u00e4rke\u00e4\u00e4 on asiakastyytyv\u00e4isyys. T\u00e4h\u00e4n panostaminen on mahdollistanut meille pitk\u00e4aikaiset kumppanuudet asiakkaittemme kanssa. Teemme [&hellip;]<\/p>\n","protected":false},"author":1,"featured_media":0,"parent":0,"menu_order":0,"comment_status":"closed","ping_status":"closed","template":"templates\/template-full-width.php","meta":{"nf_dc_page":"","om_disable_all_campaigns":false,"_monsterinsights_skip_tracking":false,"_monsterinsights_sitenote_active":false,"_monsterinsights_sitenote_note":"","_monsterinsights_sitenote_category":0,"footnotes":""},"class_list":["post-138","page","type-page","status-publish","hentry"],"aioseo_notices":[],"jetpack_sharing_enabled":true,"_links":{"self":[{"href":"https:\/\/jorest.pro\/index.php?rest_route=\/wp\/v2\/pages\/138","targetHints":{"allow":["GET"]}}],"collection":[{"href":"https:\/\/jorest.pro\/index.php?rest_route=\/wp\/v2\/pages"}],"about":[{"href":"https:\/\/jorest.pro\/index.php?rest_route=\/wp\/v2\/types\/page"}],"author":[{"embeddable":true,"href":"https:\/\/jorest.pro\/index.php?rest_route=\/wp\/v2\/users\/1"}],"replies":[{"embeddable":true,"href":"https:\/\/jorest.pro\/index.php?rest_route=%2Fwp%2Fv2%2Fcomments&post=138"}],"version-history":[{"count":5,"href":"https:\/\/jorest.pro\/index.php?rest_route=\/wp\/v2\/pages\/138\/revisions"}],"predecessor-version":[{"id":173,"href":"https:\/\/jorest.pro\/index.php?rest_route=\/wp\/v2\/pages\/138\/revisions\/173"}],"wp:attachment":[{"href":"https:\/\/jorest.pro\/index.php?rest_route=%2Fwp%2Fv2%2Fmedia&parent=138"}],"curies":[{"name":"wp","href":"https:\/\/api.w.org\/{rel}","templated":true}]}}