{"id":18,"date":"2020-09-20T20:33:55","date_gmt":"2020-09-20T17:33:55","guid":{"rendered":"https:\/\/jorest.pro\/?page_id=18"},"modified":"2020-11-14T22:59:26","modified_gmt":"2020-11-14T19:59:26","slug":"the-new-umoma-opens-its-doors-2","status":"publish","type":"page","link":"https:\/\/jorest.pro\/","title":{"rendered":"Rakennusty\u00f6t 30 vuoden kokemuksella maalla ja saaristossa"},"content":{"rendered":"\n<div class=\"wp-block-cover alignfull has-background-dim-40 has-background-dim is-position-center-center\" style=\"background-image:url(https:\/\/jorest.pro\/wp-content\/uploads\/2020\/10\/IMG_7431-1-1.jpg);background-position:50% 50%;min-height:500px;aspect-ratio:unset;\"><div class=\"wp-block-cover__inner-container is-layout-flow wp-block-cover-is-layout-flow\">\n<h1 class=\"has-text-align-center wp-block-heading\"><strong>Rakennusty\u00f6t maalla ja saaristossa.<\/strong><\/h1>\n<\/div><\/div>\n\n\n\n<hr class=\"wp-block-separator has-text-color has-background is-style-dots\" style=\"background-color:#e61829;color:#e61829\"\/>\n\n\n\n<p class=\"has-text-align-center\">Jorest Oy on porilaistaustainen rakennusalan yritys. Yrityksemme on perustettu vuonna 2016 ja meill\u00e4 on<br>pitk\u00e4aikainen kokemus alalta. Meill\u00e4 on laaja osaaminen kaikista rakennusalan t\u00f6ist\u00e4 ja ty\u00f6skentelemme sek\u00e4 yksityisille, ett\u00e4 yrityksille. Toimimme valtakunnallisesti<\/p>\n\n\n\n<hr class=\"wp-block-separator has-text-color has-background has-accent-background-color has-accent-color is-style-dots\"\/>\n\n\n\n<h2 class=\"has-text-align-center m0 wp-block-heading\">PALVELUMME<\/h2>\n\n\n\n<div class=\"wp-block-columns alignfull are-vertically-aligned-top m0 is-layout-flex wp-container-core-columns-is-layout-9d6595d7 wp-block-columns-is-layout-flex\">\n<div class=\"wp-block-column is-vertically-aligned-top m0 is-layout-flow wp-block-column-is-layout-flow\">\n<div class=\"wp-block-cover has-background-dim-40 has-background-dim\" style=\"background-image:url(https:\/\/jorest.pro\/wp-content\/uploads\/2020\/10\/IMG_7429-1.jpg);min-height:300px;aspect-ratio:unset;\"><div class=\"wp-block-cover__inner-container is-layout-flow wp-block-cover-is-layout-flow\">\n<p class=\"has-text-align-center has-normal-font-size\">Ravintolatilat<\/p>\n<\/div><\/div>\n<\/div>\n\n\n\n<div class=\"wp-block-column is-vertically-aligned-top m0 is-layout-flow wp-block-column-is-layout-flow\">\n<div class=\"wp-block-cover has-background-dim-40 has-background-dim\" style=\"background-image:url(https:\/\/jorest.pro\/wp-content\/uploads\/2020\/10\/jorest_saneeraus.jpg);min-height:300px;aspect-ratio:unset;\"><div class=\"wp-block-cover__inner-container is-layout-flow wp-block-cover-is-layout-flow\">\n<p class=\"has-text-align-center has-normal-font-size\">Saneeraukset<\/p>\n<\/div><\/div>\n<\/div>\n\n\n\n<div class=\"wp-block-column m0 is-layout-flow wp-block-column-is-layout-flow\">\n<div class=\"wp-block-cover has-background-dim-40 has-background-dim\" style=\"background-image:url(https:\/\/jorest.pro\/wp-content\/uploads\/2020\/10\/IMG_7292-1-1.jpg);min-height:300px;aspect-ratio:unset;\"><div class=\"wp-block-cover__inner-container is-layout-flow wp-block-cover-is-layout-flow\">\n<p class=\"has-text-align-center has-normal-font-size\">Kunnossapito ja kiinteist\u00f6huolto<\/p>\n<\/div><\/div>\n<\/div>\n\n\n\n<div class=\"wp-block-column is-vertically-aligned-top m0 is-layout-flow wp-block-column-is-layout-flow\">\n<div class=\"wp-block-cover has-background-dim-40 has-background-dim\" style=\"background-image:url(https:\/\/jorest.pro\/wp-content\/uploads\/2020\/10\/jorest_kylma.jpg);min-height:300px;aspect-ratio:unset;\"><div class=\"wp-block-cover__inner-container is-layout-flow wp-block-cover-is-layout-flow\">\n<p class=\"has-text-align-center has-normal-font-size\">Pakastimet, kylmi\u00f6t ja kylm\u00e4tilat<\/p>\n<\/div><\/div>\n<\/div>\n<\/div>\n","protected":false},"excerpt":{"rendered":"<p>Jorest Oy on porilaistaustainen rakennusalan yritys. Yrityksemme on perustettu vuonna 2016 ja meill\u00e4 onpitk\u00e4aikainen kokemus alalta. Meill\u00e4 on laaja osaaminen kaikista rakennusalan t\u00f6ist\u00e4 ja ty\u00f6skentelemme sek\u00e4 yksityisille, ett\u00e4 yrityksille. Toimimme valtakunnallisesti PALVELUMME<\/p>\n","protected":false},"author":1,"featured_media":0,"parent":0,"menu_order":0,"comment_status":"closed","ping_status":"closed","template":"templates\/template-full-width.php","meta":{"nf_dc_page":"","om_disable_all_campaigns":false,"_monsterinsights_skip_tracking":false,"_monsterinsights_sitenote_active":false,"_monsterinsights_sitenote_note":"","_monsterinsights_sitenote_category":0,"footnotes":""},"class_list":["post-18","page","type-page","status-publish","hentry"],"aioseo_notices":[],"jetpack_sharing_enabled":true,"_links":{"self":[{"href":"https:\/\/jorest.pro\/index.php?rest_route=\/wp\/v2\/pages\/18","targetHints":{"allow":["GET"]}}],"collection":[{"href":"https:\/\/jorest.pro\/index.php?rest_route=\/wp\/v2\/pages"}],"about":[{"href":"https:\/\/jorest.pro\/index.php?rest_route=\/wp\/v2\/types\/page"}],"author":[{"embeddable":true,"href":"https:\/\/jorest.pro\/index.php?rest_route=\/wp\/v2\/users\/1"}],"replies":[{"embeddable":true,"href":"https:\/\/jorest.pro\/index.php?rest_route=%2Fwp%2Fv2%2Fcomments&post=18"}],"version-history":[{"count":5,"href":"https:\/\/jorest.pro\/index.php?rest_route=\/wp\/v2\/pages\/18\/revisions"}],"predecessor-version":[{"id":171,"href":"https:\/\/jorest.pro\/index.php?rest_route=\/wp\/v2\/pages\/18\/revisions\/171"}],"wp:attachment":[{"href":"https:\/\/jorest.pro\/index.php?rest_route=%2Fwp%2Fv2%2Fmedia&parent=18"}],"curies":[{"name":"wp","href":"https:\/\/api.w.org\/{rel}","templated":true}]}}