{"id":27,"date":"2020-09-20T20:35:07","date_gmt":"2020-09-20T17:35:07","guid":{"rendered":"https:\/\/jorest.pro\/?page_id=27"},"modified":"2025-01-06T10:23:52","modified_gmt":"2025-01-06T07:23:52","slug":"27-2","status":"publish","type":"page","link":"https:\/\/jorest.pro\/?page_id=27","title":{"rendered":"Ota yhteytt\u00e4"},"content":{"rendered":"\n<div style=\"height:20px\" aria-hidden=\"true\" class=\"wp-block-spacer\"><\/div>\n\n\n\n<h2 class=\"wp-block-heading\">Ota yhteytt\u00e4<\/h2>\n\n\n\n<div class=\"wp-block-columns is-layout-flex wp-container-core-columns-is-layout-9d6595d7 wp-block-columns-is-layout-flex\">\n<div class=\"wp-block-column is-layout-flow wp-block-column-is-layout-flow\">\n<p class=\"has-primary-color has-text-color\"><strong>Jori Kantonen<\/strong><br>jori.kantonen@jorest.pro<br>0400 875 271<\/p>\n<\/div>\n\n\n\n<div class=\"wp-block-column is-layout-flow wp-block-column-is-layout-flow\">\n<p class=\"has-primary-color has-text-color\"><strong>Laskutus<br><\/strong>laskutus@jorest.pro<br><br><br><br><\/p>\n<\/div>\n<\/div>\n\n\n\n<h4 class=\"wp-block-heading\">Laskutusohje<\/h4>\n\n\n\n<p class=\"\">Verkkolaskuosoitteemme ja paperilaskujen vastaanotto-osoitteemme ovat muuttuneet.<br><br>Uusi verkkolaskuosoitteemme:<br>Verkkolaskuosoite: 003727350676<br>Operaattorin tunnus: 003701150617<br>Operaattori: PostNord Str\u00e5lfors Oy<\/p>\n\n\n\n<p class=\"\">Jos yrityksell\u00e4nne ei ole mahdollisuutta l\u00e4hett\u00e4\u00e4 meille verkkolaskuja, voitte l\u00e4hett\u00e4\u00e4 laskut s\u00e4hk\u00f6postilaskuina osoitteeseen fi-mailinvoice@postnordscanning.com<br><br>S\u00e4hk\u00f6postilaskuissa tulee olla laskutusosoitteena:<br>Jorest Oy<br>PL 38815064<br>00019 SSC<br><br>Jos yrityksenne l\u00e4hett\u00e4\u00e4 laskut paperille tulostettuna, paperilaskujen laskutusosoite on:<br>Jorest Oy<br>PL 38815064<br>00019 SSC<br><br>Pyyd\u00e4mme huomioimaan my\u00f6s seuraavat asiat:<br>&#8211; Sarjanumero t\u00e4ytyy olla oikeinkirjoitettuna laskun osoitekent\u00e4ss\u00e4 (PL) sek\u00e4 paperi-, ett\u00e4 s\u00e4hk\u00f6postilaskuissa<br>&#8211; Laskun koko A5 tai A4, paperi 70-120 g\/m2<br>&#8211; Lasku ja siihen liittyv\u00e4t liitteet tulee postittaa samassa kuoressa\/PDF-tiedostossa<br>&#8211; Laskun on oltava tulostuslaadultaan hyv\u00e4<br>&#8211; Paperilaskun sivuja ei saa liitt\u00e4\u00e4 yhteen (niitti, paperiliitin, jne.)<br>&#8211; S\u00e4hk\u00f6postilaskussa laskun t\u00e4ytyy olla s\u00e4hk\u00f6postin liitteen\u00e4 PDF-muodossa (v.1.3 tai uudempi) ja laskun pit\u00e4\u00e4 alkaa sivulta yksi<br>&#8211; S\u00e4hk\u00f6postin viestiksi mahdollisesti kirjoitettua teksti\u00e4 ei k\u00e4sitell\u00e4<br>&#8211; S\u00e4hk\u00f6postilaskussa PDF-tiedosto ei saa olla salasanasuojattu<br>&#8211; PDF:n nimess\u00e4 ei saa olla erikoismerkkej\u00e4 ja tiedostop\u00e4\u00e4te t\u00e4ytyy olla .pdf<br>&#8211; Yhden s\u00e4hk\u00f6postilaskun maksimikoko on 10 Mb<\/p>\n\n\n\n<p class=\"\">Muu posti l\u00e4hetet\u00e4\u00e4n edelleen toimipisteisiimme, joten pyyd\u00e4mme, ett\u00e4 yll\u00e4 oleviin osoitteisiin l\u00e4hetet\u00e4\u00e4n ainoastaan ostolaskujamme. Tarvittaessa annamme mielell\u00e4\u00e4n lis\u00e4tietoja ja vastaamme kysymyksiinne.<\/p>\n\n\n\n<hr class=\"is-style-dots wp-block-separator has-text-color has-css-opacity has-background\" style=\"background-color:#e61829;color:#e61829\"\/>\n\n\n\n<h4 class=\"wp-block-heading has-primary-color has-text-color\">J\u00e4t\u00e4 t\u00e4h\u00e4n yhteystietosi, niin otamme yhteytt\u00e4!<\/h4>\n\n\n<div class=\"wpforms-container wpforms-container-full wpforms-block wpforms-block-98b6801f-8424-4b29-bb5e-5519019d55a0\" id=\"wpforms-26\"><form id=\"wpforms-form-26\" class=\"wpforms-validate wpforms-form\" data-formid=\"26\" method=\"post\" enctype=\"multipart\/form-data\" action=\"\/index.php?rest_route=%2Fwp%2Fv2%2Fpages%2F27\" data-token=\"f9df3258a0c5fff8027837467c3600f5\" data-token-time=\"1775908799\"><noscript class=\"wpforms-error-noscript\">Please enable JavaScript in your browser to complete this form.<\/noscript><div class=\"wpforms-field-container\"><div id=\"wpforms-26-field_3-container\" class=\"wpforms-field wpforms-field-name\" data-field-id=\"3\"><label class=\"wpforms-field-label\" for=\"wpforms-26-field_3\">Yrityksen nimi<\/label><input type=\"text\" id=\"wpforms-26-field_3\" class=\"wpforms-field-medium\" name=\"wpforms[fields][3]\" ><\/div><div id=\"wpforms-26-field_0-container\" class=\"wpforms-field wpforms-field-name\" data-field-id=\"0\"><label class=\"wpforms-field-label\" for=\"wpforms-26-field_0\">Nimi <span class=\"wpforms-required-label\">*<\/span><\/label><div class=\"wpforms-field-row wpforms-field-medium\"><div class=\"wpforms-field-row-block wpforms-first wpforms-one-half\"><input type=\"text\" id=\"wpforms-26-field_0\" class=\"wpforms-field-name-first wpforms-field-required\" name=\"wpforms[fields][0][first]\" placeholder=\"Etunimi\" required><label for=\"wpforms-26-field_0\" class=\"wpforms-field-sublabel after wpforms-sublabel-hide\">First<\/label><\/div><div class=\"wpforms-field-row-block wpforms-one-half\"><input type=\"text\" id=\"wpforms-26-field_0-last\" class=\"wpforms-field-name-last wpforms-field-required\" name=\"wpforms[fields][0][last]\" placeholder=\"Sukunimi\" required><label for=\"wpforms-26-field_0-last\" class=\"wpforms-field-sublabel after wpforms-sublabel-hide\">Last<\/label><\/div><\/div><\/div><div id=\"wpforms-26-field_1-container\" class=\"wpforms-field wpforms-field-email\" data-field-id=\"1\"><label class=\"wpforms-field-label\" for=\"wpforms-26-field_1\">S\u00e4hk\u00f6posti <span class=\"wpforms-required-label\">*<\/span><\/label><input type=\"email\" id=\"wpforms-26-field_1\" class=\"wpforms-field-medium wpforms-field-required\" name=\"wpforms[fields][1]\" spellcheck=\"false\" required><\/div><div id=\"wpforms-26-field_4-container\" class=\"wpforms-field wpforms-field-number\" data-field-id=\"4\"><label class=\"wpforms-field-label\" for=\"wpforms-26-field_4\">Puhelinnumero <span class=\"wpforms-required-label\">*<\/span><\/label><input type=\"number\" id=\"wpforms-26-field_4\" class=\"wpforms-field-medium wpforms-field-required\" name=\"wpforms[fields][4]\" step=\"any\" required><\/div><div id=\"wpforms-26-field_2-container\" class=\"wpforms-field wpforms-field-textarea\" data-field-id=\"2\"><label class=\"wpforms-field-label\" for=\"wpforms-26-field_2\">Lis\u00e4tiedot (tarkemmat tiedot kohteesta tai tarvittavista palveluista)<\/label><textarea id=\"wpforms-26-field_2\" class=\"wpforms-field-medium\" name=\"wpforms[fields][2]\" ><\/textarea><\/div><\/div><!-- .wpforms-field-container --><div class=\"wpforms-submit-container\" ><input type=\"hidden\" name=\"wpforms[id]\" value=\"26\"><input type=\"hidden\" name=\"page_title\" value=\"\"><input type=\"hidden\" name=\"page_url\" value=\"https:\/\/jorest.pro\/index.php?rest_route=\/wp\/v2\/pages\/27\"><input type=\"hidden\" name=\"url_referer\" value=\"\"><button type=\"submit\" name=\"wpforms[submit]\" id=\"wpforms-submit-26\" class=\"wpforms-submit\" data-alt-text=\"L\u00e4hetet\u00e4\u00e4n...\" data-submit-text=\"L\u00e4het\u00e4\" aria-live=\"assertive\" value=\"wpforms-submit\">L\u00e4het\u00e4<\/button><\/div><\/form><\/div>  <!-- .wpforms-container -->","protected":false},"excerpt":{"rendered":"<p>Ota yhteytt\u00e4 Jori Kantonenjori.kantonen@jorest.pro0400 875 271 Laskutuslaskutus@jorest.pro Laskutusohje Verkkolaskuosoitteemme ja paperilaskujen vastaanotto-osoitteemme ovat muuttuneet. Uusi verkkolaskuosoitteemme:Verkkolaskuosoite: 003727350676Operaattorin tunnus: 003701150617Operaattori: PostNord Str\u00e5lfors Oy Jos yrityksell\u00e4nne ei ole mahdollisuutta l\u00e4hett\u00e4\u00e4 meille verkkolaskuja, voitte l\u00e4hett\u00e4\u00e4 laskut s\u00e4hk\u00f6postilaskuina osoitteeseen fi-mailinvoice@postnordscanning.com S\u00e4hk\u00f6postilaskuissa tulee olla laskutusosoitteena:Jorest OyPL 3881506400019 SSC Jos yrityksenne l\u00e4hett\u00e4\u00e4 laskut paperille tulostettuna, paperilaskujen laskutusosoite on:Jorest OyPL 3881506400019 SSC [&hellip;]<\/p>\n","protected":false},"author":1,"featured_media":0,"parent":0,"menu_order":0,"comment_status":"closed","ping_status":"closed","template":"templates\/template-full-width.php","meta":{"nf_dc_page":"","om_disable_all_campaigns":false,"_monsterinsights_skip_tracking":false,"_monsterinsights_sitenote_active":false,"_monsterinsights_sitenote_note":"","_monsterinsights_sitenote_category":0,"footnotes":""},"class_list":["post-27","page","type-page","status-publish","hentry"],"aioseo_notices":[],"jetpack_sharing_enabled":true,"_links":{"self":[{"href":"https:\/\/jorest.pro\/index.php?rest_route=\/wp\/v2\/pages\/27","targetHints":{"allow":["GET"]}}],"collection":[{"href":"https:\/\/jorest.pro\/index.php?rest_route=\/wp\/v2\/pages"}],"about":[{"href":"https:\/\/jorest.pro\/index.php?rest_route=\/wp\/v2\/types\/page"}],"author":[{"embeddable":true,"href":"https:\/\/jorest.pro\/index.php?rest_route=\/wp\/v2\/users\/1"}],"replies":[{"embeddable":true,"href":"https:\/\/jorest.pro\/index.php?rest_route=%2Fwp%2Fv2%2Fcomments&post=27"}],"version-history":[{"count":4,"href":"https:\/\/jorest.pro\/index.php?rest_route=\/wp\/v2\/pages\/27\/revisions"}],"predecessor-version":[{"id":206,"href":"https:\/\/jorest.pro\/index.php?rest_route=\/wp\/v2\/pages\/27\/revisions\/206"}],"wp:attachment":[{"href":"https:\/\/jorest.pro\/index.php?rest_route=%2Fwp%2Fv2%2Fmedia&parent=27"}],"curies":[{"name":"wp","href":"https:\/\/api.w.org\/{rel}","templated":true}]}}